{"id":1328,"date":"2024-07-29T12:50:36","date_gmt":"2024-07-29T12:50:36","guid":{"rendered":"https:\/\/staging.mielesustainablefashion.ch\/cooperation-mode-suisse\/"},"modified":"2025-08-22T12:35:37","modified_gmt":"2025-08-22T12:35:37","slug":"cooperation-mode-suisse","status":"publish","type":"page","link":"https:\/\/mielesustainablefashion.ch\/fr\/cooperation-mode-suisse\/","title":{"rendered":"Coop\u00e9ration Mode Suisse"},"content":{"rendered":"\t\t<div data-elementor-type=\"wp-page\" data-elementor-id=\"1328\" class=\"elementor elementor-1328 elementor-770\" data-elementor-post-type=\"page\">\n\t\t\t\t<div class=\"elementor-element elementor-element-b4cd1bb e-flex e-con-boxed e-con e-parent\" data-id=\"b4cd1bb\" data-element_type=\"container\">\n\t\t\t\t\t<div class=\"e-con-inner\">\n\t\t\t\t\t<\/div>\n\t\t\t\t<\/div>\n\t\t<div class=\"elementor-element elementor-element-b827e15 e-con-full margin-right e-flex elementor-invisible e-con e-parent\" data-id=\"b827e15\" data-element_type=\"container\" data-settings=\"{&quot;animation&quot;:&quot;slideInUp&quot;}\">\n\t\t<div class=\"elementor-element elementor-element-6ecf381 e-con-full e-flex e-con e-child\" data-id=\"6ecf381\" data-element_type=\"container\">\n\t\t\t\t<div class=\"elementor-element elementor-element-db4cb41 elementor-widget elementor-widget-image\" data-id=\"db4cb41\" data-element_type=\"widget\" data-widget_type=\"image.default\">\n\t\t\t\t<div class=\"elementor-widget-container\">\n\t\t\t\t\t\t\t\t\t\t\t\t\t\t\t<img decoding=\"async\" width=\"1400\" height=\"1050\" src=\"https:\/\/mielesustainablefashion.ch\/wp-content\/uploads\/2024\/07\/20000181293-1.jpg\" class=\"attachment-full size-full wp-image-1051\" alt=\"Weiss gekleidete Frau umgeben von weissen T\u00fcchern\" srcset=\"https:\/\/mielesustainablefashion.ch\/wp-content\/uploads\/2024\/07\/20000181293-1.jpg 1400w, https:\/\/mielesustainablefashion.ch\/wp-content\/uploads\/2024\/07\/20000181293-1-300x225.jpg 300w, https:\/\/mielesustainablefashion.ch\/wp-content\/uploads\/2024\/07\/20000181293-1-1024x768.jpg 1024w, https:\/\/mielesustainablefashion.ch\/wp-content\/uploads\/2024\/07\/20000181293-1-768x576.jpg 768w\" sizes=\"(max-width: 1400px) 100vw, 1400px\" \/>\t\t\t\t\t\t\t\t\t\t\t\t\t\t\t<\/div>\n\t\t\t\t<\/div>\n\t\t\t\t<\/div>\n\t\t<div class=\"elementor-element elementor-element-edd0a6b e-con-full e-flex e-con e-child\" data-id=\"edd0a6b\" data-element_type=\"container\">\n\t\t\t\t<div class=\"elementor-element elementor-element-5f4e5cd elementor-widget elementor-widget-heading\" data-id=\"5f4e5cd\" data-element_type=\"widget\" data-widget_type=\"heading.default\">\n\t\t\t\t<div class=\"elementor-widget-container\">\n\t\t\t\t\t<h2 class=\"elementor-heading-title elementor-size-default\">Mode Suisse<\/h2>\t\t\t\t<\/div>\n\t\t\t\t<\/div>\n\t\t\t\t<div class=\"elementor-element elementor-element-f7e918c elementor-widget elementor-widget-text-editor\" data-id=\"f7e918c\" data-element_type=\"widget\" data-widget_type=\"text-editor.default\">\n\t\t\t\t<div class=\"elementor-widget-container\">\n\t\t\t\t\t\t\t\t\t<p>Mode Suisse est une plateforme sectorielle qui encourage la collaboration des cr\u00e9atrices, des cr\u00e9ateurs et des \u00e9coles de mode avec l\u2019industrie textile, le commerce de d\u00e9tail, les m\u00e9dias et d\u2019autres acteurs de la mode. Mode Suisse pr\u00e9sente, met en r\u00e9seau, discute et vend la mode suisse lors de d\u00e9fil\u00e9s, de showrooms et de tables rondes. Les manifestations organis\u00e9es tous les six mois \u00e0 Zurich, Paris, Gen\u00e8ve et New York s\u2019adressent en premier lieu \u00e0 un public de sp\u00e9cialistes, mais aussi \u00e0 des profanes int\u00e9ress\u00e9s par la mode.  <\/p>\n\t\t\t\t\t\t\t\t<\/div>\n\t\t\t\t<\/div>\n\t\t\t\t<div class=\"elementor-element elementor-element-b33c874 elementor-widget elementor-widget-button\" data-id=\"b33c874\" data-element_type=\"widget\" data-widget_type=\"button.default\">\n\t\t\t\t<div class=\"elementor-widget-container\">\n\t\t\t\t\t\t\t\t\t<div class=\"elementor-button-wrapper\">\n\t\t\t\t\t<a class=\"elementor-button elementor-button-link elementor-size-sm\" href=\"https:\/\/www.modesuisse.com\/edition2024-zurich.html\" target=\"_blank\">\n\t\t\t\t\t\t<span class=\"elementor-button-content-wrapper\">\n\t\t\t\t\t\t\t\t\t<span class=\"elementor-button-text\">En savoir plus<\/span>\n\t\t\t\t\t<\/span>\n\t\t\t\t\t<\/a>\n\t\t\t\t<\/div>\n\t\t\t\t\t\t\t\t<\/div>\n\t\t\t\t<\/div>\n\t\t\t\t<\/div>\n\t\t\t\t<\/div>\n\t\t<div class=\"elementor-element elementor-element-2f52f39 e-flex e-con-boxed elementor-invisible e-con e-parent\" data-id=\"2f52f39\" data-element_type=\"container\" data-settings=\"{&quot;animation&quot;:&quot;slideInUp&quot;}\">\n\t\t\t\t\t<div class=\"e-con-inner\">\n\t\t<div class=\"elementor-element elementor-element-5b87529 e-con-full e-flex e-con e-child\" data-id=\"5b87529\" data-element_type=\"container\" data-settings=\"{&quot;motion_fx_motion_fx_scrolling&quot;:&quot;yes&quot;,&quot;motion_fx_translateX_effect&quot;:&quot;yes&quot;,&quot;motion_fx_translateX_direction&quot;:&quot;negative&quot;,&quot;motion_fx_translateX_speed&quot;:{&quot;unit&quot;:&quot;px&quot;,&quot;size&quot;:2,&quot;sizes&quot;:[]},&quot;motion_fx_translateX_affectedRange&quot;:{&quot;unit&quot;:&quot;%&quot;,&quot;size&quot;:&quot;&quot;,&quot;sizes&quot;:{&quot;start&quot;:0,&quot;end&quot;:50}},&quot;motion_fx_motion_fx_mouse&quot;:&quot;yes&quot;,&quot;motion_fx_devices&quot;:[&quot;desktop&quot;,&quot;tablet&quot;]}\">\n\t\t\t\t<div class=\"elementor-element elementor-element-2e47716 elementor-widget elementor-widget-heading\" data-id=\"2e47716\" data-element_type=\"widget\" data-widget_type=\"heading.default\">\n\t\t\t\t<div class=\"elementor-widget-container\">\n\t\t\t\t\t<h2 class=\"elementor-heading-title elementor-size-default\">Mode Suisse<\/h2>\t\t\t\t<\/div>\n\t\t\t\t<\/div>\n\t\t\t\t<div class=\"elementor-element elementor-element-9777e16 elementor-widget elementor-widget-text-editor\" data-id=\"9777e16\" data-element_type=\"widget\" data-widget_type=\"text-editor.default\">\n\t\t\t\t<div class=\"elementor-widget-container\">\n\t\t\t\t\t\t\t\t\t<p>Cette ann\u00e9e, l\u2019\u00e9v\u00e9nement incontournable de <a href=\"https:\/\/www.modesuisse.com\/edition2023-zurich.html\">Mode Suisse<\/a> aura lieu le 1 septembre 2025. Pour la quatri\u00e8me fois d\u00e9j\u00e0, Miele sera pr\u00e9sent en tant que sponsor principal. Cette ann\u00e9e, Miele d\u00e9cerne \u00e0 nouveau un prix.<\/p>\t\t\t\t\t\t\t\t<\/div>\n\t\t\t\t<\/div>\n\t\t\t\t<\/div>\n\t\t<div class=\"elementor-element elementor-element-3b408da e-con-full e-flex e-con e-child\" data-id=\"3b408da\" data-element_type=\"container\" data-settings=\"{&quot;motion_fx_motion_fx_scrolling&quot;:&quot;yes&quot;,&quot;motion_fx_translateX_effect&quot;:&quot;yes&quot;,&quot;motion_fx_translateX_speed&quot;:{&quot;unit&quot;:&quot;px&quot;,&quot;size&quot;:2,&quot;sizes&quot;:[]},&quot;motion_fx_translateX_affectedRange&quot;:{&quot;unit&quot;:&quot;%&quot;,&quot;size&quot;:&quot;&quot;,&quot;sizes&quot;:{&quot;start&quot;:0,&quot;end&quot;:50}},&quot;motion_fx_devices&quot;:[&quot;desktop&quot;,&quot;tablet&quot;,&quot;mobile&quot;]}\">\n\t\t\t\t<div class=\"elementor-element elementor-element-3b48672 elementor-widget elementor-widget-image\" data-id=\"3b48672\" data-element_type=\"widget\" data-widget_type=\"image.default\">\n\t\t\t\t<div class=\"elementor-widget-container\">\n\t\t\t\t\t\t\t\t\t\t\t\t\t\t\t<img decoding=\"async\" width=\"1080\" height=\"1620\" src=\"https:\/\/mielesustainablefashion.ch\/wp-content\/uploads\/2024\/07\/miele_laufsteg-1.jpg\" class=\"attachment-full size-full wp-image-1045\" alt=\"Model auf dem Laufsteg\" srcset=\"https:\/\/mielesustainablefashion.ch\/wp-content\/uploads\/2024\/07\/miele_laufsteg-1.jpg 1080w, https:\/\/mielesustainablefashion.ch\/wp-content\/uploads\/2024\/07\/miele_laufsteg-1-200x300.jpg 200w, https:\/\/mielesustainablefashion.ch\/wp-content\/uploads\/2024\/07\/miele_laufsteg-1-683x1024.jpg 683w, https:\/\/mielesustainablefashion.ch\/wp-content\/uploads\/2024\/07\/miele_laufsteg-1-768x1152.jpg 768w, https:\/\/mielesustainablefashion.ch\/wp-content\/uploads\/2024\/07\/miele_laufsteg-1-1024x1536.jpg 1024w\" sizes=\"(max-width: 1080px) 100vw, 1080px\" \/>\t\t\t\t\t\t\t\t\t\t\t\t\t\t\t<\/div>\n\t\t\t\t<\/div>\n\t\t\t\t<\/div>\n\t\t\t\t\t<\/div>\n\t\t\t\t<\/div>\n\t\t<div class=\"elementor-element elementor-element-ead4171 e-con-full margin-right e-flex elementor-invisible e-con e-parent\" data-id=\"ead4171\" data-element_type=\"container\" data-settings=\"{&quot;animation&quot;:&quot;slideInUp&quot;}\">\n\t\t<div class=\"elementor-element elementor-element-3212c90 e-con-full e-flex e-con e-child\" data-id=\"3212c90\" data-element_type=\"container\" data-settings=\"{&quot;motion_fx_translateX_effect&quot;:&quot;yes&quot;,&quot;motion_fx_translateX_direction&quot;:&quot;negative&quot;,&quot;motion_fx_translateX_speed&quot;:{&quot;unit&quot;:&quot;px&quot;,&quot;size&quot;:2,&quot;sizes&quot;:[]},&quot;motion_fx_translateX_affectedRange&quot;:{&quot;unit&quot;:&quot;%&quot;,&quot;size&quot;:&quot;&quot;,&quot;sizes&quot;:{&quot;start&quot;:0,&quot;end&quot;:50}},&quot;motion_fx_motion_fx_scrolling&quot;:&quot;yes&quot;,&quot;motion_fx_devices&quot;:[&quot;desktop&quot;,&quot;tablet&quot;,&quot;mobile&quot;]}\">\n\t\t\t\t<div class=\"elementor-element elementor-element-4c84092 elementor-widget elementor-widget-image\" data-id=\"4c84092\" data-element_type=\"widget\" data-widget_type=\"image.default\">\n\t\t\t\t<div class=\"elementor-widget-container\">\n\t\t\t\t\t\t\t\t\t\t\t\t\t\t\t<img decoding=\"async\" width=\"1920\" height=\"1280\" src=\"https:\/\/mielesustainablefashion.ch\/wp-content\/uploads\/2024\/08\/Yannick-Aellen-1.png\" class=\"attachment-full size-full wp-image-1224\" alt=\"\" srcset=\"https:\/\/mielesustainablefashion.ch\/wp-content\/uploads\/2024\/08\/Yannick-Aellen-1.png 1920w, https:\/\/mielesustainablefashion.ch\/wp-content\/uploads\/2024\/08\/Yannick-Aellen-1-300x200.png 300w, https:\/\/mielesustainablefashion.ch\/wp-content\/uploads\/2024\/08\/Yannick-Aellen-1-1024x683.png 1024w, https:\/\/mielesustainablefashion.ch\/wp-content\/uploads\/2024\/08\/Yannick-Aellen-1-768x512.png 768w, https:\/\/mielesustainablefashion.ch\/wp-content\/uploads\/2024\/08\/Yannick-Aellen-1-1536x1024.png 1536w\" sizes=\"(max-width: 1920px) 100vw, 1920px\" \/>\t\t\t\t\t\t\t\t\t\t\t\t\t\t\t<\/div>\n\t\t\t\t<\/div>\n\t\t\t\t<\/div>\n\t\t<div class=\"elementor-element elementor-element-e6f1953 e-con-full e-flex e-con e-child\" data-id=\"e6f1953\" data-element_type=\"container\" data-settings=\"{&quot;motion_fx_translateX_effect&quot;:&quot;yes&quot;,&quot;motion_fx_translateX_speed&quot;:{&quot;unit&quot;:&quot;px&quot;,&quot;size&quot;:2,&quot;sizes&quot;:[]},&quot;motion_fx_translateX_affectedRange&quot;:{&quot;unit&quot;:&quot;%&quot;,&quot;size&quot;:&quot;&quot;,&quot;sizes&quot;:{&quot;start&quot;:0,&quot;end&quot;:50}},&quot;motion_fx_devices&quot;:[&quot;desktop&quot;,&quot;tablet&quot;],&quot;motion_fx_motion_fx_scrolling&quot;:&quot;yes&quot;}\">\n\t\t\t\t<div class=\"elementor-element elementor-element-9fd52c6 elementor-widget elementor-widget-heading\" data-id=\"9fd52c6\" data-element_type=\"widget\" data-widget_type=\"heading.default\">\n\t\t\t\t<div class=\"elementor-widget-container\">\n\t\t\t\t\t<h2 class=\"elementor-heading-title elementor-size-default\">Yannick Aellen<\/h2>\t\t\t\t<\/div>\n\t\t\t\t<\/div>\n\t\t\t\t<div class=\"elementor-element elementor-element-d8f64f0 elementor-blockquote--skin-quotation elementor-blockquote--button-color-official elementor-widget elementor-widget-blockquote\" data-id=\"d8f64f0\" data-element_type=\"widget\" data-widget_type=\"blockquote.default\">\n\t\t\t\t<div class=\"elementor-widget-container\">\n\t\t\t\t\t\t\t<blockquote class=\"elementor-blockquote\">\n\t\t\t<p class=\"elementor-blockquote__content\">\n\t\t\t\tLa durabilit\u00e9 et l\u2019inclusion ont toujours \u00e9t\u00e9 une \u00e9vidence pour Mode Suisse. Miele Suisse partage ces valeurs avec nous depuis 2021 et nous sommes heureux et fiers d\u2019avoir cr\u00e9\u00e9 ensemble le Miele x Mode Suisse Award for Positive Impact. En tant que partenaire principal de Mode Suisse  Friends, Miele s\u2019engage \u00e0 apporter son soutien \u00e0 un secteur essentiel: la cr\u00e9ation de mode \u00e0 l\u2019\u00e9chelle locale. Nous en remercions de tout c\u0153ur Miele Suisse pour cela et pour notre collaboration fructueuse et proche du march\u00e9.   \t\t\t<\/p>\n\t\t\t\t\t<\/blockquote>\n\t\t\t\t\t\t<\/div>\n\t\t\t\t<\/div>\n\t\t\t\t<\/div>\n\t\t\t\t<\/div>\n\t\t\t\t<\/div>\n\t\t","protected":false},"excerpt":{"rendered":"<p>Mode Suisse Mode Suisse est une plateforme sectorielle qui encourage la collaboration des cr\u00e9atrices, des cr\u00e9ateurs et des \u00e9coles de mode avec l\u2019industrie textile, le commerce de d\u00e9tail, les m\u00e9dias et d\u2019autres acteurs de la mode. Mode Suisse pr\u00e9sente, met en r\u00e9seau, discute et vend la mode suisse lors de d\u00e9fil\u00e9s, de showrooms et de [&hellip;]<\/p>\n","protected":false},"author":1,"featured_media":0,"parent":0,"menu_order":0,"comment_status":"closed","ping_status":"closed","template":"","meta":{"footnotes":""},"class_list":["post-1328","page","type-page","status-publish","hentry"],"yoast_head":"<!-- This site is optimized with the Yoast SEO plugin v24.5 - https:\/\/yoast.com\/wordpress\/plugins\/seo\/ -->\n<title>Coop\u00e9ration Mode Suisse - Miele Sustainable Fashion<\/title>\n<meta name=\"description\" content=\"Coop\u00e9ration Mode Suisse 2024 : \u00e9v\u00e9nement principal le 2 septembre \u00e0 Zurich avec Miele comme sponsor principal et remise des prix.\" \/>\n<meta name=\"robots\" content=\"index, follow, max-snippet:-1, max-image-preview:large, max-video-preview:-1\" \/>\n<link rel=\"canonical\" href=\"https:\/\/mielesustainablefashion.ch\/fr\/cooperation-mode-suisse\/\" \/>\n<meta property=\"og:locale\" content=\"fr_FR\" \/>\n<meta property=\"og:type\" content=\"article\" \/>\n<meta property=\"og:title\" content=\"Coop\u00e9ration Mode Suisse - Miele Sustainable Fashion\" \/>\n<meta property=\"og:description\" content=\"Coop\u00e9ration Mode Suisse 2024 : \u00e9v\u00e9nement principal le 2 septembre \u00e0 Zurich avec Miele comme sponsor principal et remise des prix.\" \/>\n<meta property=\"og:url\" content=\"https:\/\/mielesustainablefashion.ch\/fr\/cooperation-mode-suisse\/\" \/>\n<meta property=\"og:site_name\" content=\"Miele Sustainable Fashion\" \/>\n<meta property=\"article:modified_time\" content=\"2025-08-22T12:35:37+00:00\" \/>\n<meta property=\"og:image\" content=\"https:\/\/mielesustainablefashion.ch\/wp-content\/uploads\/2024\/07\/20000181293-1.jpg\" \/>\n\t<meta property=\"og:image:width\" content=\"1400\" \/>\n\t<meta property=\"og:image:height\" content=\"1050\" \/>\n\t<meta property=\"og:image:type\" content=\"image\/webp\" \/>\n<meta name=\"twitter:card\" content=\"summary_large_image\" \/>\n<meta name=\"twitter:label1\" content=\"Dur\u00e9e de lecture estim\u00e9e\" \/>\n\t<meta name=\"twitter:data1\" content=\"2 minutes\" \/>\n<script type=\"application\/ld+json\" class=\"yoast-schema-graph\">{\"@context\":\"https:\/\/schema.org\",\"@graph\":[{\"@type\":\"WebPage\",\"@id\":\"https:\/\/mielesustainablefashion.ch\/fr\/cooperation-mode-suisse\/\",\"url\":\"https:\/\/mielesustainablefashion.ch\/fr\/cooperation-mode-suisse\/\",\"name\":\"Coop\u00e9ration Mode Suisse - Miele Sustainable Fashion\",\"isPartOf\":{\"@id\":\"https:\/\/mielesustainablefashion.ch\/fr\/#website\"},\"primaryImageOfPage\":{\"@id\":\"https:\/\/mielesustainablefashion.ch\/fr\/cooperation-mode-suisse\/#primaryimage\"},\"image\":{\"@id\":\"https:\/\/mielesustainablefashion.ch\/fr\/cooperation-mode-suisse\/#primaryimage\"},\"thumbnailUrl\":\"https:\/\/mielesustainablefashion.ch\/wp-content\/uploads\/2024\/07\/20000181293-1.jpg\",\"datePublished\":\"2024-07-29T12:50:36+00:00\",\"dateModified\":\"2025-08-22T12:35:37+00:00\",\"description\":\"Coop\u00e9ration Mode Suisse 2024 : \u00e9v\u00e9nement principal le 2 septembre \u00e0 Zurich avec Miele comme sponsor principal et remise des prix.\",\"breadcrumb\":{\"@id\":\"https:\/\/mielesustainablefashion.ch\/fr\/cooperation-mode-suisse\/#breadcrumb\"},\"inLanguage\":\"fr-FR\",\"potentialAction\":[{\"@type\":\"ReadAction\",\"target\":[\"https:\/\/mielesustainablefashion.ch\/fr\/cooperation-mode-suisse\/\"]}]},{\"@type\":\"ImageObject\",\"inLanguage\":\"fr-FR\",\"@id\":\"https:\/\/mielesustainablefashion.ch\/fr\/cooperation-mode-suisse\/#primaryimage\",\"url\":\"https:\/\/mielesustainablefashion.ch\/wp-content\/uploads\/2024\/07\/20000181293-1.jpg\",\"contentUrl\":\"https:\/\/mielesustainablefashion.ch\/wp-content\/uploads\/2024\/07\/20000181293-1.jpg\"},{\"@type\":\"BreadcrumbList\",\"@id\":\"https:\/\/mielesustainablefashion.ch\/fr\/cooperation-mode-suisse\/#breadcrumb\",\"itemListElement\":[{\"@type\":\"ListItem\",\"position\":1,\"name\":\"Startseite\",\"item\":\"https:\/\/mielesustainablefashion.ch\/fr\/\"},{\"@type\":\"ListItem\",\"position\":2,\"name\":\"Coop\u00e9ration Mode Suisse\"}]},{\"@type\":\"WebSite\",\"@id\":\"https:\/\/mielesustainablefashion.ch\/fr\/#website\",\"url\":\"https:\/\/mielesustainablefashion.ch\/fr\/\",\"name\":\"Miele Sustainable Fashion\",\"description\":\"\",\"publisher\":{\"@id\":\"https:\/\/mielesustainablefashion.ch\/fr\/#organization\"},\"potentialAction\":[{\"@type\":\"SearchAction\",\"target\":{\"@type\":\"EntryPoint\",\"urlTemplate\":\"https:\/\/mielesustainablefashion.ch\/fr\/?s={search_term_string}\"},\"query-input\":{\"@type\":\"PropertyValueSpecification\",\"valueRequired\":true,\"valueName\":\"search_term_string\"}}],\"inLanguage\":\"fr-FR\"},{\"@type\":\"Organization\",\"@id\":\"https:\/\/mielesustainablefashion.ch\/fr\/#organization\",\"name\":\"Miele Sustainable Fashion\",\"url\":\"https:\/\/mielesustainablefashion.ch\/fr\/\",\"logo\":{\"@type\":\"ImageObject\",\"inLanguage\":\"fr-FR\",\"@id\":\"https:\/\/mielesustainablefashion.ch\/fr\/#\/schema\/logo\/image\/\",\"url\":\"https:\/\/mielesustainablefashion.ch\/wp-content\/uploads\/2023\/10\/Miele_Logo_Red_sRGB.png\",\"contentUrl\":\"https:\/\/mielesustainablefashion.ch\/wp-content\/uploads\/2023\/10\/Miele_Logo_Red_sRGB.png\",\"width\":2000,\"height\":766,\"caption\":\"Miele Sustainable Fashion\"},\"image\":{\"@id\":\"https:\/\/mielesustainablefashion.ch\/fr\/#\/schema\/logo\/image\/\"}}]}<\/script>\n<!-- \/ Yoast SEO plugin. -->","yoast_head_json":{"title":"Coop\u00e9ration Mode Suisse - Miele Sustainable Fashion","description":"Coop\u00e9ration Mode Suisse 2024 : \u00e9v\u00e9nement principal le 2 septembre \u00e0 Zurich avec Miele comme sponsor principal et remise des prix.","robots":{"index":"index","follow":"follow","max-snippet":"max-snippet:-1","max-image-preview":"max-image-preview:large","max-video-preview":"max-video-preview:-1"},"canonical":"https:\/\/mielesustainablefashion.ch\/fr\/cooperation-mode-suisse\/","og_locale":"fr_FR","og_type":"article","og_title":"Coop\u00e9ration Mode Suisse - Miele Sustainable Fashion","og_description":"Coop\u00e9ration Mode Suisse 2024 : \u00e9v\u00e9nement principal le 2 septembre \u00e0 Zurich avec Miele comme sponsor principal et remise des prix.","og_url":"https:\/\/mielesustainablefashion.ch\/fr\/cooperation-mode-suisse\/","og_site_name":"Miele Sustainable Fashion","article_modified_time":"2025-08-22T12:35:37+00:00","og_image":[{"width":1400,"height":1050,"url":"https:\/\/mielesustainablefashion.ch\/wp-content\/uploads\/2024\/07\/20000181293-1.jpg","type":"image\/webp"}],"twitter_card":"summary_large_image","twitter_misc":{"Dur\u00e9e de lecture estim\u00e9e":"2 minutes"},"schema":{"@context":"https:\/\/schema.org","@graph":[{"@type":"WebPage","@id":"https:\/\/mielesustainablefashion.ch\/fr\/cooperation-mode-suisse\/","url":"https:\/\/mielesustainablefashion.ch\/fr\/cooperation-mode-suisse\/","name":"Coop\u00e9ration Mode Suisse - Miele Sustainable Fashion","isPartOf":{"@id":"https:\/\/mielesustainablefashion.ch\/fr\/#website"},"primaryImageOfPage":{"@id":"https:\/\/mielesustainablefashion.ch\/fr\/cooperation-mode-suisse\/#primaryimage"},"image":{"@id":"https:\/\/mielesustainablefashion.ch\/fr\/cooperation-mode-suisse\/#primaryimage"},"thumbnailUrl":"https:\/\/mielesustainablefashion.ch\/wp-content\/uploads\/2024\/07\/20000181293-1.jpg","datePublished":"2024-07-29T12:50:36+00:00","dateModified":"2025-08-22T12:35:37+00:00","description":"Coop\u00e9ration Mode Suisse 2024 : \u00e9v\u00e9nement principal le 2 septembre \u00e0 Zurich avec Miele comme sponsor principal et remise des prix.","breadcrumb":{"@id":"https:\/\/mielesustainablefashion.ch\/fr\/cooperation-mode-suisse\/#breadcrumb"},"inLanguage":"fr-FR","potentialAction":[{"@type":"ReadAction","target":["https:\/\/mielesustainablefashion.ch\/fr\/cooperation-mode-suisse\/"]}]},{"@type":"ImageObject","inLanguage":"fr-FR","@id":"https:\/\/mielesustainablefashion.ch\/fr\/cooperation-mode-suisse\/#primaryimage","url":"https:\/\/mielesustainablefashion.ch\/wp-content\/uploads\/2024\/07\/20000181293-1.jpg","contentUrl":"https:\/\/mielesustainablefashion.ch\/wp-content\/uploads\/2024\/07\/20000181293-1.jpg"},{"@type":"BreadcrumbList","@id":"https:\/\/mielesustainablefashion.ch\/fr\/cooperation-mode-suisse\/#breadcrumb","itemListElement":[{"@type":"ListItem","position":1,"name":"Startseite","item":"https:\/\/mielesustainablefashion.ch\/fr\/"},{"@type":"ListItem","position":2,"name":"Coop\u00e9ration Mode Suisse"}]},{"@type":"WebSite","@id":"https:\/\/mielesustainablefashion.ch\/fr\/#website","url":"https:\/\/mielesustainablefashion.ch\/fr\/","name":"Miele Sustainable Fashion","description":"","publisher":{"@id":"https:\/\/mielesustainablefashion.ch\/fr\/#organization"},"potentialAction":[{"@type":"SearchAction","target":{"@type":"EntryPoint","urlTemplate":"https:\/\/mielesustainablefashion.ch\/fr\/?s={search_term_string}"},"query-input":{"@type":"PropertyValueSpecification","valueRequired":true,"valueName":"search_term_string"}}],"inLanguage":"fr-FR"},{"@type":"Organization","@id":"https:\/\/mielesustainablefashion.ch\/fr\/#organization","name":"Miele Sustainable Fashion","url":"https:\/\/mielesustainablefashion.ch\/fr\/","logo":{"@type":"ImageObject","inLanguage":"fr-FR","@id":"https:\/\/mielesustainablefashion.ch\/fr\/#\/schema\/logo\/image\/","url":"https:\/\/mielesustainablefashion.ch\/wp-content\/uploads\/2023\/10\/Miele_Logo_Red_sRGB.png","contentUrl":"https:\/\/mielesustainablefashion.ch\/wp-content\/uploads\/2023\/10\/Miele_Logo_Red_sRGB.png","width":2000,"height":766,"caption":"Miele Sustainable Fashion"},"image":{"@id":"https:\/\/mielesustainablefashion.ch\/fr\/#\/schema\/logo\/image\/"}}]}},"_links":{"self":[{"href":"https:\/\/mielesustainablefashion.ch\/fr\/wp-json\/wp\/v2\/pages\/1328","targetHints":{"allow":["GET"]}}],"collection":[{"href":"https:\/\/mielesustainablefashion.ch\/fr\/wp-json\/wp\/v2\/pages"}],"about":[{"href":"https:\/\/mielesustainablefashion.ch\/fr\/wp-json\/wp\/v2\/types\/page"}],"author":[{"embeddable":true,"href":"https:\/\/mielesustainablefashion.ch\/fr\/wp-json\/wp\/v2\/users\/1"}],"replies":[{"embeddable":true,"href":"https:\/\/mielesustainablefashion.ch\/fr\/wp-json\/wp\/v2\/comments?post=1328"}],"version-history":[{"count":13,"href":"https:\/\/mielesustainablefashion.ch\/fr\/wp-json\/wp\/v2\/pages\/1328\/revisions"}],"predecessor-version":[{"id":2879,"href":"https:\/\/mielesustainablefashion.ch\/fr\/wp-json\/wp\/v2\/pages\/1328\/revisions\/2879"}],"wp:attachment":[{"href":"https:\/\/mielesustainablefashion.ch\/fr\/wp-json\/wp\/v2\/media?parent=1328"}],"curies":[{"name":"wp","href":"https:\/\/api.w.org\/{rel}","templated":true}]}}